{"id":25,"date":"2019-07-02T16:51:36","date_gmt":"2019-07-02T16:51:36","guid":{"rendered":"http:\/\/agro733.edu.ar\/?page_id=25"},"modified":"2021-09-10T11:29:38","modified_gmt":"2021-09-10T11:29:38","slug":"home","status":"publish","type":"page","link":"https:\/\/www.agro733.edu.ar\/eng\/","title":{"rendered":"News from our blog"},"content":{"rendered":"<div class=\"feedzy-646ab5ca4e330675d8d0c4c726367770 feedzy-rss\"><div class=\"rss_header\"><h2><a href=\"https:\/\/agrotecnica733.wordpress.com\/\" class=\"rss_title\" rel=\"noopener\">AGROTECHNIC SCHOOL 733 BRYN GWYN<\/a> <span class=\"rss_description\"> Bryn Gwyn | Escuela Secundaria de Educaci\u00f3n T\u00e9cnico Profesional N\u00b0 733 |<\/span><\/h2><\/div><ul><li  style=\"padding: 15px 0 25px\" class=\"rss_item\"><div class=\"rss_image\" style=\"height:150px;width:150px;\"><a href=\"https:\/\/agrotecnica733.wordpress.com\/2021\/05\/11\/ciclo-2021-reencuentro-y-permanencia\/\" target=\"_blank\" rel=\" noopener\" title=\"Ciclo 2021: Reencuentro y permanencia\" style=\"height:150px;width:150px;\"><img decoding=\"async\" src=\"https:\/\/agrotecnica733.wordpress.com\/wp-content\/uploads\/2021\/05\/img-20210219-wa0004.jpg\" title=\"Ciclo 2021: Reencuentro y permanencia\" style=\"height:150px;width:150px;\"><\/a><\/div><span class=\"title\"><a href=\"https:\/\/agrotecnica733.wordpress.com\/2021\/05\/11\/ciclo-2021-reencuentro-y-permanencia\/\" target=\"_blank\" rel=\" noopener\">Ciclo 2021: Reencuentro y permanencia<\/a><\/span><div class=\"rss_content\" style=\"\"><small>by <a href=\"\/\/agrotecnica733.wordpress.com\" target=\"_blank\" title=\"agrotecnica733.wordpress.com\">agro733<\/a> on May 11, 2021 at 8:00 pm <\/small><p>Iniciamos en marzo, el 1 de marzo dijeron las noticias. La realidad es que nosotros sabemos que nunca finalizamos, que no terminamos el 2020 as\u00ed nada m\u00e1s, como si fuera un mal recuerdo que un nuevo comienzo borrar\u00eda de la memoria. Nunca dejamos de estar, al menos quienes sostenemos que la escuela es el mejor<\/p><\/div><\/li><li  style=\"padding: 15px 0 25px\" class=\"rss_item\"><div class=\"rss_image\" style=\"height:150px;width:150px;\"><a href=\"https:\/\/agrotecnica733.wordpress.com\/2020\/12\/16\/historias-que-inspiran-a-seguir-adelante\/\" target=\"_blank\" rel=\" noopener\" title=\"Historias que inspiran a seguir adelante:\" style=\"height:150px;width:150px;\"><img decoding=\"async\" src=\"https:\/\/agrotecnica733.wordpress.com\/wp-content\/uploads\/2020\/12\/img-20190727-wa0013-1-1.jpg?w=1024\" title=\"Historias que inspiran a seguir adelante:\" style=\"height:150px;width:150px;\"><\/a><\/div><span class=\"title\"><a href=\"https:\/\/agrotecnica733.wordpress.com\/2020\/12\/16\/historias-que-inspiran-a-seguir-adelante\/\" target=\"_blank\" rel=\" noopener\">Historias que inspiran a seguir adelante:<\/a><\/span><div class=\"rss_content\" style=\"\"><small>by <a href=\"\/\/agrotecnica733.wordpress.com\" target=\"_blank\" title=\"agrotecnica733.wordpress.com\">agro733<\/a> on December 16, 2020 at 7:42 pm <\/small><p>Envueltos de repente en un escenario que cambi\u00f3 completamente nuestra realidad, pudimos como instituci\u00f3n sostener, acompa\u00f1ar y garantizar el egreso de 18 estudiantes y 13 m\u00e1s que est\u00e1n en pleno proceso de finalizaci\u00f3n para obtener su t\u00edtulo de T\u00e9cnicos en Producci\u00f3n Agropecuaria. Cada estudiante que egresa representa para la escuela y la comunidad toda, una<\/p><\/div><\/li><li  style=\"padding: 15px 0 25px\" class=\"rss_item\"><div class=\"rss_image\" style=\"height:150px;width:150px;\"><a href=\"https:\/\/agrotecnica733.wordpress.com\/2020\/12\/16\/egresados-2020-primeras-entregas-de-diplomas-con-protocolo-de-distanciamiento-preventivo\/\" target=\"_blank\" rel=\" noopener\" title=\"Egresados 2020: Primeras entregas de Diplomas con Protocolo de distanciamiento preventivo.\" style=\"height:150px;width:150px;\"><img decoding=\"async\" src=\"https:\/\/agrotecnica733.wordpress.com\/wp-content\/uploads\/2020\/12\/whatsapp-image-2020-12-11-at-09.22.25-2.jpeg?w=1024\" title=\"Egresados 2020: Primeras entregas de Diplomas con Protocolo de distanciamiento preventivo.\" style=\"height:150px;width:150px;\"><\/a><\/div><span class=\"title\"><a href=\"https:\/\/agrotecnica733.wordpress.com\/2020\/12\/16\/egresados-2020-primeras-entregas-de-diplomas-con-protocolo-de-distanciamiento-preventivo\/\" target=\"_blank\" rel=\" noopener\">Egresados 2020: Primeras entregas de Diplomas con Protocolo de distanciamiento preventivo.<\/a><\/span><div class=\"rss_content\" style=\"\"><small>by <a href=\"\/\/agrotecnica733.wordpress.com\" target=\"_blank\" title=\"agrotecnica733.wordpress.com\">agro733<\/a> on December 16, 2020 at 10:55 am <\/small><p>La Escuela Secundaria de Educaci\u00f3n T\u00e9cnico Profesional N\u00b0 733 \u201cBenito Owen\u201d realiz\u00f3 la entrega de diplomas a los primeros 6 seis egresados como T\u00e9cnicos en Producci\u00f3n Agropecuaria Con especial orgullo este fue le primer grupo de valientes que siguieron apostando al futuro aun cuando el presente les pintaba un camino lleno de temores e incertidumbres.El<\/p><\/div><\/li><li  style=\"padding: 15px 0 25px\" class=\"rss_item\"><div class=\"rss_image\" style=\"height:150px;width:150px;\"><a href=\"https:\/\/agrotecnica733.wordpress.com\/2020\/11\/12\/sembrando-futuro-proyecto-ganador\/\" target=\"_blank\" rel=\" noopener\" title=\"\u00abSEMBRANDO FUTURO\u00bb PROYECTO GANADOR\" style=\"height:150px;width:150px;\"><img decoding=\"async\" src=\"http:\/\/prensa.chubut.gov.ar\/wp-content\/uploads\/2020\/11\/131AA9AA-DC1A-4C81-8707-0DA01976EAAC.jpeg\" title=\"\u00abSEMBRANDO FUTURO\u00bb PROYECTO GANADOR\" style=\"height:150px;width:150px;\"><\/a><\/div><span class=\"title\"><a href=\"https:\/\/agrotecnica733.wordpress.com\/2020\/11\/12\/sembrando-futuro-proyecto-ganador\/\" target=\"_blank\" rel=\" noopener\">\u00abSEMBRANDO FUTURO\u00bb PROYECTO GANADOR<\/a><\/span><div class=\"rss_content\" style=\"\"><small>by <a href=\"\/\/agrotecnica733.wordpress.com\" target=\"_blank\" title=\"agrotecnica733.wordpress.com\">agro733<\/a> on November 13, 2020 at 1:53 am <\/small><p>\u00abSEMBRANDO FUTURO\u00bb Invern\u00e1culo Automatizado: Una Unidad Productiva de Aprendizajes Integrados ha sido seleccionado como proyecto ganador del Programa IDEAS, que llev\u00f3 adelante el Instituto Nacional de Educaci\u00f3n Tecnol\u00f3gica (INET). Nuestro proyecto forma parte de las 26 iniciativas, de un total de 377 proyectos presentados. Compartimos con alegr\u00eda, entusiasmo y orgullo esta noticia que tendr\u00e1 como<\/p><\/div><\/li><li  style=\"padding: 15px 0 25px\" class=\"rss_item\"><div class=\"rss_image\" style=\"height:150px;width:150px;\"><a href=\"https:\/\/agrotecnica733.wordpress.com\/2020\/10\/08\/experiencia-solidaria-ayss\/\" target=\"_blank\" rel=\" noopener\" title=\"Experiencia Solidaria (AySS):\" style=\"height:150px;width:150px;\"><img decoding=\"async\" src=\"https:\/\/scontent.fbhi3-2.fna.fbcdn.net\/v\/t1.0-0\/s600x600\/121100514_1843028825839578_2822903406652689460_n.jpg?_nc_cat=100&#038;_nc_sid=730e14&#038;_nc_eui2=AeFWWI7hZAnQItajuwFQ-mnwcBz_j_fW57twHP-P99bnu-zTstLt3ll1Jlj8-OhwR3E&#038;_nc_ohc=nBeMjy5ccI4AX9s-cBf&#038;_nc_ht=scontent.fbhi3-2.fna&#038;tp=7&#038;oh=ee65472de0ce4db376e745677ca9ec24&#038;oe=5FA6648A\" title=\"Experiencia Solidaria (AySS):\" style=\"height:150px;width:150px;\"><\/a><\/div><span class=\"title\"><a href=\"https:\/\/agrotecnica733.wordpress.com\/2020\/10\/08\/experiencia-solidaria-ayss\/\" target=\"_blank\" rel=\" noopener\">Experiencia Solidaria (AySS):<\/a><\/span><div class=\"rss_content\" style=\"\"><small>by <a href=\"\/\/agrotecnica733.wordpress.com\" target=\"_blank\" title=\"agrotecnica733.wordpress.com\">agro733<\/a> on October 9, 2020 at 12:01 am <\/small><p>8 DE OCTUBRE: D\u00cdA DEL ESTUDIANTE SOLIDARIO: Compartimos hoy nuestras experiencias de Aprendizaje y Servicio Solidario con la Escuela N\u00b04084 \u00abLibertador Sim\u00f3n Bolivar\u00bb de la Provincia de Mendoza. Agradecemos a su directora Paula Massoni y a su asesora pedag\u00f3gica Iris Borges y al equipo coordinador de Bachiller Agust\u00edn Quiroga a Mar\u00eda Carolina Gramari, Referente regional<\/p><\/div><\/li><\/ul> <\/div><style type=\"text\/css\" media=\"all\">.feedzy-rss .rss_item .rss_image{float:left;position:relative;border:none;text-decoration:none;max-width:100%}.feedzy-rss .rss_item .rss_image span{display:inline-block;position:absolute;width:100%;height:100%;background-position:50%;background-size:cover}.feedzy-rss .rss_item .rss_image{margin:.3em 1em 0 0;content-visibility:auto}.feedzy-rss ul{list-style:none}.feedzy-rss ul li{display:inline-block}<\/style>","protected":false},"excerpt":{"rendered":"","protected":false},"author":1,"featured_media":0,"parent":0,"menu_order":0,"comment_status":"closed","ping_status":"open","template":"","meta":{"footnotes":""},"class_list":["post-25","page","type-page","status-publish","hentry"],"_links":{"self":[{"href":"https:\/\/www.agro733.edu.ar\/eng\/wp-json\/wp\/v2\/pages\/25","targetHints":{"allow":["GET"]}}],"collection":[{"href":"https:\/\/www.agro733.edu.ar\/eng\/wp-json\/wp\/v2\/pages"}],"about":[{"href":"https:\/\/www.agro733.edu.ar\/eng\/wp-json\/wp\/v2\/types\/page"}],"author":[{"embeddable":true,"href":"https:\/\/www.agro733.edu.ar\/eng\/wp-json\/wp\/v2\/users\/1"}],"replies":[{"embeddable":true,"href":"https:\/\/www.agro733.edu.ar\/eng\/wp-json\/wp\/v2\/comments?post=25"}],"version-history":[{"count":24,"href":"https:\/\/www.agro733.edu.ar\/eng\/wp-json\/wp\/v2\/pages\/25\/revisions"}],"predecessor-version":[{"id":877,"href":"https:\/\/www.agro733.edu.ar\/eng\/wp-json\/wp\/v2\/pages\/25\/revisions\/877"}],"wp:attachment":[{"href":"https:\/\/www.agro733.edu.ar\/eng\/wp-json\/wp\/v2\/media?parent=25"}],"curies":[{"name":"wp","href":"https:\/\/api.w.org\/{rel}","templated":true}]}}